{"id":229,"date":"2024-09-19T16:39:56","date_gmt":"2024-09-19T16:39:56","guid":{"rendered":"https:\/\/fgcelik.com.tr\/?page_id=229"},"modified":"2025-01-16T20:20:48","modified_gmt":"2025-01-16T20:20:48","slug":"projelerimiz","status":"publish","type":"page","link":"https:\/\/fgcelik.com.tr\/?page_id=229","title":{"rendered":"Projelerimiz"},"content":{"rendered":"\t\t<div data-elementor-type=\"wp-page\" data-elementor-id=\"229\" class=\"elementor elementor-229\">\n\t\t\t\t\t\t<section class=\"elementor-section elementor-top-section elementor-element elementor-element-c6ccd1e elementor-section-boxed elementor-section-height-default elementor-section-height-default\" data-id=\"c6ccd1e\" data-element_type=\"section\" data-settings=\"{&quot;background_background&quot;:&quot;slideshow&quot;,&quot;background_slideshow_gallery&quot;:[{&quot;id&quot;:317,&quot;url&quot;:&quot;https:\\\/\\\/fgcelik.com.tr\\\/wp-content\\\/uploads\\\/2024\\\/09\\\/steel-structure-architecture-construction-abstract-background-black-white-1-scaled.webp&quot;},{&quot;id&quot;:276,&quot;url&quot;:&quot;https:\\\/\\\/fgcelik.com.tr\\\/wp-content\\\/uploads\\\/2024\\\/09\\\/bnnr.webp&quot;}],&quot;background_slideshow_loop&quot;:&quot;yes&quot;,&quot;background_slideshow_slide_duration&quot;:5000,&quot;background_slideshow_slide_transition&quot;:&quot;fade&quot;,&quot;background_slideshow_transition_duration&quot;:500}\">\n\t\t\t\t\t\t\t<div class=\"elementor-background-overlay\"><\/div>\n\t\t\t\t\t\t\t<div class=\"elementor-container elementor-column-gap-default\">\n\t\t\t\t\t<div class=\"elementor-column elementor-col-100 elementor-top-column elementor-element elementor-element-bd42a78\" data-id=\"bd42a78\" data-element_type=\"column\">\n\t\t\t<div class=\"elementor-widget-wrap elementor-element-populated\">\n\t\t\t\t\t\t\t<\/div>\n\t\t<\/div>\n\t\t\t\t\t<\/div>\n\t\t<\/section>\n\t\t\t\t<section class=\"elementor-section elementor-top-section elementor-element elementor-element-e13d8b9 elementor-section-boxed elementor-section-height-default elementor-section-height-default\" data-id=\"e13d8b9\" data-element_type=\"section\" data-settings=\"{&quot;background_background&quot;:&quot;classic&quot;}\">\n\t\t\t\t\t\t\t<div class=\"elementor-background-overlay\"><\/div>\n\t\t\t\t\t\t\t<div class=\"elementor-container elementor-column-gap-default\">\n\t\t\t\t\t<div class=\"elementor-column elementor-col-100 elementor-top-column elementor-element elementor-element-284563d\" data-id=\"284563d\" data-element_type=\"column\">\n\t\t\t<div class=\"elementor-widget-wrap elementor-element-populated\">\n\t\t\t\t\t\t<section class=\"elementor-section elementor-inner-section elementor-element elementor-element-f8fec26 elementor-section-boxed elementor-section-height-default elementor-section-height-default\" data-id=\"f8fec26\" data-element_type=\"section\">\n\t\t\t\t\t\t<div class=\"elementor-container elementor-column-gap-default\">\n\t\t\t\t\t<div class=\"elementor-column elementor-col-100 elementor-inner-column elementor-element elementor-element-2d7b55f elementor-invisible\" data-id=\"2d7b55f\" data-element_type=\"column\" data-settings=\"{&quot;animation&quot;:&quot;fadeInUp&quot;}\">\n\t\t\t<div class=\"elementor-widget-wrap\">\n\t\t\t\t\t\t\t<\/div>\n\t\t<\/div>\n\t\t\t\t\t<\/div>\n\t\t<\/section>\n\t\t\t\t<section class=\"elementor-section elementor-inner-section elementor-element elementor-element-939691c elementor-section-height-min-height elementor-section-boxed elementor-section-height-default elementor-invisible\" data-id=\"939691c\" data-element_type=\"section\" data-settings=\"{&quot;animation&quot;:&quot;fadeIn&quot;,&quot;animation_delay&quot;:200}\">\n\t\t\t\t\t\t<div class=\"elementor-container elementor-column-gap-default\">\n\t\t\t\t\t<div class=\"elementor-column elementor-col-25 elementor-inner-column elementor-element elementor-element-254875d\" data-id=\"254875d\" data-element_type=\"column\" data-settings=\"{&quot;background_background&quot;:&quot;classic&quot;}\">\n\t\t\t<div class=\"elementor-widget-wrap elementor-element-populated\">\n\t\t\t\t\t\t<div class=\"elementor-element elementor-element-282bd33 elementor-vertical-align-top elementor-widget elementor-widget-icon-box\" data-id=\"282bd33\" data-element_type=\"widget\" data-widget_type=\"icon-box.default\">\n\t\t\t\t<div class=\"elementor-widget-container\">\n\t\t\t\t\t<div class=\"elementor-icon-box-wrapper\">\n\n\t\t\t\n\t\t\t\t\t\t<div class=\"elementor-icon-box-content\">\n\n\t\t\t\t\t\t\t\t\t<div class=\"elementor-icon-box-title\">\n\t\t\t\t\t\t<span  >\n\t\t\t\t\t\t\t\u0130STANBUL F\u0130NANS MERKEZ\u0130 VAKIF GYO \/ R\u00d6NESANS\t\t\t\t\t\t<\/span>\n\t\t\t\t\t<\/div>\n\t\t\t\t\n\t\t\t\t\n\t\t\t<\/div>\n\t\t\t\n\t\t<\/div>\n\t\t\t\t<\/div>\n\t\t\t\t<\/div>\n\t\t\t\t<div class=\"elementor-element elementor-element-3562f07 elementor-widget elementor-widget-image\" data-id=\"3562f07\" data-element_type=\"widget\" data-widget_type=\"image.default\">\n\t\t\t\t<div class=\"elementor-widget-container\">\n\t\t\t\t\t\t\t\t\t\t\t\t\t<img fetchpriority=\"high\" decoding=\"async\" width=\"1000\" height=\"707\" src=\"https:\/\/fgcelik.com.tr\/wp-content\/uploads\/2024\/10\/VAKIF-GYO.webp\" class=\"attachment-full size-full wp-image-491\" alt=\"\" srcset=\"https:\/\/fgcelik.com.tr\/wp-content\/uploads\/2024\/10\/VAKIF-GYO.webp 1000w, https:\/\/fgcelik.com.tr\/wp-content\/uploads\/2024\/10\/VAKIF-GYO-300x212.webp 300w, https:\/\/fgcelik.com.tr\/wp-content\/uploads\/2024\/10\/VAKIF-GYO-768x543.webp 768w\" sizes=\"(max-width: 1000px) 100vw, 1000px\" \/>\t\t\t\t\t\t\t\t\t\t\t\t\t<\/div>\n\t\t\t\t<\/div>\n\t\t\t\t\t<\/div>\n\t\t<\/div>\n\t\t\t\t<div class=\"elementor-column elementor-col-25 elementor-inner-column elementor-element elementor-element-58e1f68\" data-id=\"58e1f68\" data-element_type=\"column\" data-settings=\"{&quot;background_background&quot;:&quot;classic&quot;}\">\n\t\t\t<div class=\"elementor-widget-wrap elementor-element-populated\">\n\t\t\t\t\t\t<div class=\"elementor-element elementor-element-2b260e8 elementor-vertical-align-top elementor-widget elementor-widget-icon-box\" data-id=\"2b260e8\" data-element_type=\"widget\" data-widget_type=\"icon-box.default\">\n\t\t\t\t<div class=\"elementor-widget-container\">\n\t\t\t\t\t<div class=\"elementor-icon-box-wrapper\">\n\n\t\t\t\n\t\t\t\t\t\t<div class=\"elementor-icon-box-content\">\n\n\t\t\t\t\t\t\t\t\t<div class=\"elementor-icon-box-title\">\n\t\t\t\t\t\t<span  >\n\t\t\t\t\t\t\t\u0130STANBUL F\u0130K\u0130RTEPE KENTSEL D\u00d6N\u00dc\u015e\u00dcM \/ MAKSEM YAPI \t\t\t\t\t\t<\/span>\n\t\t\t\t\t<\/div>\n\t\t\t\t\n\t\t\t\t\n\t\t\t<\/div>\n\t\t\t\n\t\t<\/div>\n\t\t\t\t<\/div>\n\t\t\t\t<\/div>\n\t\t\t\t<div class=\"elementor-element elementor-element-6dba9e3 elementor-widget elementor-widget-image\" data-id=\"6dba9e3\" data-element_type=\"widget\" data-widget_type=\"image.default\">\n\t\t\t\t<div class=\"elementor-widget-container\">\n\t\t\t\t\t\t\t\t\t\t\t\t\t<img decoding=\"async\" width=\"512\" height=\"288\" src=\"https:\/\/fgcelik.com.tr\/wp-content\/uploads\/2024\/10\/unnamed.webp\" class=\"attachment-full size-full wp-image-490\" alt=\"\" srcset=\"https:\/\/fgcelik.com.tr\/wp-content\/uploads\/2024\/10\/unnamed.webp 512w, https:\/\/fgcelik.com.tr\/wp-content\/uploads\/2024\/10\/unnamed-300x169.webp 300w\" sizes=\"(max-width: 512px) 100vw, 512px\" \/>\t\t\t\t\t\t\t\t\t\t\t\t\t<\/div>\n\t\t\t\t<\/div>\n\t\t\t\t\t<\/div>\n\t\t<\/div>\n\t\t\t\t<div class=\"elementor-column elementor-col-25 elementor-inner-column elementor-element elementor-element-7edab87\" data-id=\"7edab87\" data-element_type=\"column\" data-settings=\"{&quot;background_background&quot;:&quot;classic&quot;}\">\n\t\t\t<div class=\"elementor-widget-wrap elementor-element-populated\">\n\t\t\t\t\t\t<div class=\"elementor-element elementor-element-3c9c145 elementor-vertical-align-top elementor-widget elementor-widget-icon-box\" data-id=\"3c9c145\" data-element_type=\"widget\" data-widget_type=\"icon-box.default\">\n\t\t\t\t<div class=\"elementor-widget-container\">\n\t\t\t\t\t<div class=\"elementor-icon-box-wrapper\">\n\n\t\t\t\n\t\t\t\t\t\t<div class=\"elementor-icon-box-content\">\n\n\t\t\t\t\t\t\t\t\t<div class=\"elementor-icon-box-title\">\n\t\t\t\t\t\t<span  >\n\t\t\t\t\t\t\t\u0130STANBUL F\u0130NANS MERKEZ\u0130 <br>TCMB \/ L\u0130MAK\t\t\t\t\t\t<\/span>\n\t\t\t\t\t<\/div>\n\t\t\t\t\n\t\t\t\t\n\t\t\t<\/div>\n\t\t\t\n\t\t<\/div>\n\t\t\t\t<\/div>\n\t\t\t\t<\/div>\n\t\t\t\t<div class=\"elementor-element elementor-element-f09d7f6 elementor-widget elementor-widget-image\" data-id=\"f09d7f6\" data-element_type=\"widget\" data-widget_type=\"image.default\">\n\t\t\t\t<div class=\"elementor-widget-container\">\n\t\t\t\t\t\t\t\t\t\t\t\t\t<img decoding=\"async\" width=\"821\" height=\"733\" src=\"https:\/\/fgcelik.com.tr\/wp-content\/uploads\/2024\/10\/TCMB.webp\" class=\"attachment-full size-full wp-image-489\" alt=\"\" srcset=\"https:\/\/fgcelik.com.tr\/wp-content\/uploads\/2024\/10\/TCMB.webp 821w, https:\/\/fgcelik.com.tr\/wp-content\/uploads\/2024\/10\/TCMB-300x268.webp 300w, https:\/\/fgcelik.com.tr\/wp-content\/uploads\/2024\/10\/TCMB-768x686.webp 768w\" sizes=\"(max-width: 821px) 100vw, 821px\" \/>\t\t\t\t\t\t\t\t\t\t\t\t\t<\/div>\n\t\t\t\t<\/div>\n\t\t\t\t\t<\/div>\n\t\t<\/div>\n\t\t\t\t<div class=\"elementor-column elementor-col-25 elementor-inner-column elementor-element elementor-element-89a26a8\" data-id=\"89a26a8\" data-element_type=\"column\" data-settings=\"{&quot;background_background&quot;:&quot;classic&quot;}\">\n\t\t\t<div class=\"elementor-widget-wrap elementor-element-populated\">\n\t\t\t\t\t\t<div class=\"elementor-element elementor-element-ec2ba52 elementor-vertical-align-top elementor-widget elementor-widget-icon-box\" data-id=\"ec2ba52\" data-element_type=\"widget\" data-widget_type=\"icon-box.default\">\n\t\t\t\t<div class=\"elementor-widget-container\">\n\t\t\t\t\t<div class=\"elementor-icon-box-wrapper\">\n\n\t\t\t\n\t\t\t\t\t\t<div class=\"elementor-icon-box-content\">\n\n\t\t\t\t\t\t\t\t\t<div class=\"elementor-icon-box-title\">\n\t\t\t\t\t\t<span  >\n\t\t\t\t\t\t\tTAKS\u0130M 360 <br> KENTSEL D\u00d6N\u00dc\u015e\u00dcM \/ GAP \u0130N\u015eAAT\t\t\t\t\t\t<\/span>\n\t\t\t\t\t<\/div>\n\t\t\t\t\n\t\t\t\t\n\t\t\t<\/div>\n\t\t\t\n\t\t<\/div>\n\t\t\t\t<\/div>\n\t\t\t\t<\/div>\n\t\t\t\t<div class=\"elementor-element elementor-element-b152f5a elementor-widget elementor-widget-image\" data-id=\"b152f5a\" data-element_type=\"widget\" data-widget_type=\"image.default\">\n\t\t\t\t<div class=\"elementor-widget-container\">\n\t\t\t\t\t\t\t\t\t\t\t\t\t<img loading=\"lazy\" decoding=\"async\" width=\"1600\" height=\"1081\" src=\"https:\/\/fgcelik.com.tr\/wp-content\/uploads\/2024\/10\/ofis-3.webp\" class=\"attachment-full size-full wp-image-487\" alt=\"\" srcset=\"https:\/\/fgcelik.com.tr\/wp-content\/uploads\/2024\/10\/ofis-3.webp 1600w, https:\/\/fgcelik.com.tr\/wp-content\/uploads\/2024\/10\/ofis-3-300x203.webp 300w, https:\/\/fgcelik.com.tr\/wp-content\/uploads\/2024\/10\/ofis-3-1024x692.webp 1024w, https:\/\/fgcelik.com.tr\/wp-content\/uploads\/2024\/10\/ofis-3-768x519.webp 768w, https:\/\/fgcelik.com.tr\/wp-content\/uploads\/2024\/10\/ofis-3-1536x1038.webp 1536w\" sizes=\"(max-width: 1600px) 100vw, 1600px\" \/>\t\t\t\t\t\t\t\t\t\t\t\t\t<\/div>\n\t\t\t\t<\/div>\n\t\t\t\t\t<\/div>\n\t\t<\/div>\n\t\t\t\t\t<\/div>\n\t\t<\/section>\n\t\t\t\t<section class=\"elementor-section elementor-inner-section elementor-element elementor-element-27cb20f elementor-section-boxed elementor-section-height-default elementor-section-height-default elementor-invisible\" data-id=\"27cb20f\" data-element_type=\"section\" data-settings=\"{&quot;animation&quot;:&quot;fadeIn&quot;,&quot;animation_delay&quot;:200}\">\n\t\t\t\t\t\t<div class=\"elementor-container elementor-column-gap-default\">\n\t\t\t\t\t<div class=\"elementor-column elementor-col-25 elementor-inner-column elementor-element elementor-element-a04baa6\" data-id=\"a04baa6\" data-element_type=\"column\" data-settings=\"{&quot;background_background&quot;:&quot;classic&quot;}\">\n\t\t\t<div class=\"elementor-widget-wrap elementor-element-populated\">\n\t\t\t\t\t\t<div class=\"elementor-element elementor-element-c6fc8a8 elementor-vertical-align-top elementor-widget elementor-widget-icon-box\" data-id=\"c6fc8a8\" data-element_type=\"widget\" data-widget_type=\"icon-box.default\">\n\t\t\t\t<div class=\"elementor-widget-container\">\n\t\t\t\t\t<div class=\"elementor-icon-box-wrapper\">\n\n\t\t\t\n\t\t\t\t\t\t<div class=\"elementor-icon-box-content\">\n\n\t\t\t\t\t\t\t\t\t<div class=\"elementor-icon-box-title\">\n\t\t\t\t\t\t<span  >\n\t\t\t\t\t\t\tBEZM\u0130 ALEM VAKIF \u00dcN\u0130VERS\u0130TES\u0130 HASTANES\u0130 \/ R\u00d6NESANS\t\t\t\t\t\t<\/span>\n\t\t\t\t\t<\/div>\n\t\t\t\t\n\t\t\t\t\n\t\t\t<\/div>\n\t\t\t\n\t\t<\/div>\n\t\t\t\t<\/div>\n\t\t\t\t<\/div>\n\t\t\t\t<div class=\"elementor-element elementor-element-626ed40 elementor-widget elementor-widget-image\" data-id=\"626ed40\" data-element_type=\"widget\" data-widget_type=\"image.default\">\n\t\t\t\t<div class=\"elementor-widget-container\">\n\t\t\t\t\t\t\t\t\t\t\t\t\t<img loading=\"lazy\" decoding=\"async\" width=\"1200\" height=\"675\" src=\"https:\/\/fgcelik.com.tr\/wp-content\/uploads\/2024\/10\/RO\u0308NESANS-BEZMI\u0307ALEM-VAKIF-HASTANESI\u0307.webp\" class=\"attachment-full size-full wp-image-488\" alt=\"\" srcset=\"https:\/\/fgcelik.com.tr\/wp-content\/uploads\/2024\/10\/RO\u0308NESANS-BEZMI\u0307ALEM-VAKIF-HASTANESI\u0307.webp 1200w, https:\/\/fgcelik.com.tr\/wp-content\/uploads\/2024\/10\/RO\u0308NESANS-BEZMI\u0307ALEM-VAKIF-HASTANESI\u0307-300x169.webp 300w, https:\/\/fgcelik.com.tr\/wp-content\/uploads\/2024\/10\/RO\u0308NESANS-BEZMI\u0307ALEM-VAKIF-HASTANESI\u0307-1024x576.webp 1024w, https:\/\/fgcelik.com.tr\/wp-content\/uploads\/2024\/10\/RO\u0308NESANS-BEZMI\u0307ALEM-VAKIF-HASTANESI\u0307-768x432.webp 768w\" sizes=\"(max-width: 1200px) 100vw, 1200px\" \/>\t\t\t\t\t\t\t\t\t\t\t\t\t<\/div>\n\t\t\t\t<\/div>\n\t\t\t\t\t<\/div>\n\t\t<\/div>\n\t\t\t\t<div class=\"elementor-column elementor-col-25 elementor-inner-column elementor-element elementor-element-ecf3a49\" data-id=\"ecf3a49\" data-element_type=\"column\" data-settings=\"{&quot;background_background&quot;:&quot;classic&quot;}\">\n\t\t\t<div class=\"elementor-widget-wrap elementor-element-populated\">\n\t\t\t\t\t\t<div class=\"elementor-element elementor-element-4864d78 elementor-vertical-align-top elementor-widget elementor-widget-icon-box\" data-id=\"4864d78\" data-element_type=\"widget\" data-widget_type=\"icon-box.default\">\n\t\t\t\t<div class=\"elementor-widget-container\">\n\t\t\t\t\t<div class=\"elementor-icon-box-wrapper\">\n\n\t\t\t\n\t\t\t\t\t\t<div class=\"elementor-icon-box-content\">\n\n\t\t\t\t\t\t\t\t\t<div class=\"elementor-icon-box-title\">\n\t\t\t\t\t\t<span  >\n\t\t\t\t\t\t\tELAZI\u011e FETH\u0130 SEK\u0130N \u015eEH\u0130R HASTANES\u0130  \/ R\u00d6NESANS\t\t\t\t\t\t<\/span>\n\t\t\t\t\t<\/div>\n\t\t\t\t\n\t\t\t\t\n\t\t\t<\/div>\n\t\t\t\n\t\t<\/div>\n\t\t\t\t<\/div>\n\t\t\t\t<\/div>\n\t\t\t\t<div class=\"elementor-element elementor-element-fcaca2b elementor-widget elementor-widget-image\" data-id=\"fcaca2b\" data-element_type=\"widget\" data-widget_type=\"image.default\">\n\t\t\t\t<div class=\"elementor-widget-container\">\n\t\t\t\t\t\t\t\t\t\t\t\t\t<img loading=\"lazy\" decoding=\"async\" width=\"1920\" height=\"870\" src=\"https:\/\/fgcelik.com.tr\/wp-content\/uploads\/2024\/10\/ELAZIG\u0306-S\u0327EHI\u0307R-HASTANESI\u0307.webp\" class=\"attachment-full size-full wp-image-486\" alt=\"\" srcset=\"https:\/\/fgcelik.com.tr\/wp-content\/uploads\/2024\/10\/ELAZIG\u0306-S\u0327EHI\u0307R-HASTANESI\u0307.webp 1920w, https:\/\/fgcelik.com.tr\/wp-content\/uploads\/2024\/10\/ELAZIG\u0306-S\u0327EHI\u0307R-HASTANESI\u0307-300x136.webp 300w, https:\/\/fgcelik.com.tr\/wp-content\/uploads\/2024\/10\/ELAZIG\u0306-S\u0327EHI\u0307R-HASTANESI\u0307-1024x464.webp 1024w, https:\/\/fgcelik.com.tr\/wp-content\/uploads\/2024\/10\/ELAZIG\u0306-S\u0327EHI\u0307R-HASTANESI\u0307-768x348.webp 768w, https:\/\/fgcelik.com.tr\/wp-content\/uploads\/2024\/10\/ELAZIG\u0306-S\u0327EHI\u0307R-HASTANESI\u0307-1536x696.webp 1536w\" sizes=\"(max-width: 1920px) 100vw, 1920px\" \/>\t\t\t\t\t\t\t\t\t\t\t\t\t<\/div>\n\t\t\t\t<\/div>\n\t\t\t\t\t<\/div>\n\t\t<\/div>\n\t\t\t\t<div class=\"elementor-column elementor-col-25 elementor-inner-column elementor-element elementor-element-316dc10\" data-id=\"316dc10\" data-element_type=\"column\" data-settings=\"{&quot;background_background&quot;:&quot;classic&quot;}\">\n\t\t\t<div class=\"elementor-widget-wrap elementor-element-populated\">\n\t\t\t\t\t\t<div class=\"elementor-element elementor-element-46b9c51 elementor-vertical-align-top elementor-widget elementor-widget-icon-box\" data-id=\"46b9c51\" data-element_type=\"widget\" data-widget_type=\"icon-box.default\">\n\t\t\t\t<div class=\"elementor-widget-container\">\n\t\t\t\t\t<div class=\"elementor-icon-box-wrapper\">\n\n\t\t\t\n\t\t\t\t\t\t<div class=\"elementor-icon-box-content\">\n\n\t\t\t\t\t\t\t\t\t<div class=\"elementor-icon-box-title\">\n\t\t\t\t\t\t<span  >\n\t\t\t\t\t\t\tBA\u015eAK\u015eEH\u0130R \u00c7AM VE SAKURA \u015eEH\u0130R HASTANES\u0130 \/ R\u00d6NESANS\t\t\t\t\t\t<\/span>\n\t\t\t\t\t<\/div>\n\t\t\t\t\n\t\t\t\t\n\t\t\t<\/div>\n\t\t\t\n\t\t<\/div>\n\t\t\t\t<\/div>\n\t\t\t\t<\/div>\n\t\t\t\t<div class=\"elementor-element elementor-element-02b690e elementor-widget elementor-widget-image\" data-id=\"02b690e\" data-element_type=\"widget\" data-widget_type=\"image.default\">\n\t\t\t\t<div class=\"elementor-widget-container\">\n\t\t\t\t\t\t\t\t\t\t\t\t\t<img loading=\"lazy\" decoding=\"async\" width=\"1920\" height=\"870\" src=\"https:\/\/fgcelik.com.tr\/wp-content\/uploads\/2024\/10\/C\u0327AMSAKURA.webp\" class=\"attachment-full size-full wp-image-485\" alt=\"\" srcset=\"https:\/\/fgcelik.com.tr\/wp-content\/uploads\/2024\/10\/C\u0327AMSAKURA.webp 1920w, https:\/\/fgcelik.com.tr\/wp-content\/uploads\/2024\/10\/C\u0327AMSAKURA-300x136.webp 300w, https:\/\/fgcelik.com.tr\/wp-content\/uploads\/2024\/10\/C\u0327AMSAKURA-1024x464.webp 1024w, https:\/\/fgcelik.com.tr\/wp-content\/uploads\/2024\/10\/C\u0327AMSAKURA-768x348.webp 768w, https:\/\/fgcelik.com.tr\/wp-content\/uploads\/2024\/10\/C\u0327AMSAKURA-1536x696.webp 1536w\" sizes=\"(max-width: 1920px) 100vw, 1920px\" \/>\t\t\t\t\t\t\t\t\t\t\t\t\t<\/div>\n\t\t\t\t<\/div>\n\t\t\t\t\t<\/div>\n\t\t<\/div>\n\t\t\t\t<div class=\"elementor-column elementor-col-25 elementor-inner-column elementor-element elementor-element-758fb46\" data-id=\"758fb46\" data-element_type=\"column\" data-settings=\"{&quot;background_background&quot;:&quot;classic&quot;}\">\n\t\t\t<div class=\"elementor-widget-wrap elementor-element-populated\">\n\t\t\t\t\t\t<div class=\"elementor-element elementor-element-fa7d871 elementor-vertical-align-top elementor-widget elementor-widget-icon-box\" data-id=\"fa7d871\" data-element_type=\"widget\" data-widget_type=\"icon-box.default\">\n\t\t\t\t<div class=\"elementor-widget-container\">\n\t\t\t\t\t<div class=\"elementor-icon-box-wrapper\">\n\n\t\t\t\n\t\t\t\t\t\t<div class=\"elementor-icon-box-content\">\n\n\t\t\t\t\t\t\t\t\t<div class=\"elementor-icon-box-title\">\n\t\t\t\t\t\t<span  >\n\t\t\t\t\t\t\tANTALYA HAVAL\u0130MANI GEN\u0130\u015eLETME PROJES\u0130 \/ TAV \u0130N\u015eAAT\t\t\t\t\t\t<\/span>\n\t\t\t\t\t<\/div>\n\t\t\t\t\n\t\t\t\t\n\t\t\t<\/div>\n\t\t\t\n\t\t<\/div>\n\t\t\t\t<\/div>\n\t\t\t\t<\/div>\n\t\t\t\t<div class=\"elementor-element elementor-element-a1bc705 elementor-widget elementor-widget-image\" data-id=\"a1bc705\" data-element_type=\"widget\" data-widget_type=\"image.default\">\n\t\t\t\t<div class=\"elementor-widget-container\">\n\t\t\t\t\t\t\t\t\t\t\t\t\t<img loading=\"lazy\" decoding=\"async\" width=\"1280\" height=\"704\" src=\"https:\/\/fgcelik.com.tr\/wp-content\/uploads\/2024\/10\/antalya-havalimani-genisletme-projesi-bu-yil-tamamlaniyor.webp\" class=\"attachment-full size-full wp-image-483\" alt=\"\" srcset=\"https:\/\/fgcelik.com.tr\/wp-content\/uploads\/2024\/10\/antalya-havalimani-genisletme-projesi-bu-yil-tamamlaniyor.webp 1280w, https:\/\/fgcelik.com.tr\/wp-content\/uploads\/2024\/10\/antalya-havalimani-genisletme-projesi-bu-yil-tamamlaniyor-300x165.webp 300w, https:\/\/fgcelik.com.tr\/wp-content\/uploads\/2024\/10\/antalya-havalimani-genisletme-projesi-bu-yil-tamamlaniyor-1024x563.webp 1024w, https:\/\/fgcelik.com.tr\/wp-content\/uploads\/2024\/10\/antalya-havalimani-genisletme-projesi-bu-yil-tamamlaniyor-768x422.webp 768w\" sizes=\"(max-width: 1280px) 100vw, 1280px\" \/>\t\t\t\t\t\t\t\t\t\t\t\t\t<\/div>\n\t\t\t\t<\/div>\n\t\t\t\t\t<\/div>\n\t\t<\/div>\n\t\t\t\t\t<\/div>\n\t\t<\/section>\n\t\t\t\t<div class=\"elementor-element elementor-element-b3a7ebd elementor-align-center elementor-widget elementor-widget-button\" data-id=\"b3a7ebd\" data-element_type=\"widget\" data-widget_type=\"button.default\">\n\t\t\t\t<div class=\"elementor-widget-container\">\n\t\t\t\t\t<div class=\"elementor-button-wrapper\">\n\t\t\t<a class=\"elementor-button elementor-button-link elementor-size-sm\" href=\"https:\/\/fgcelik.com.tr\/tamamlanan-projelerimiz\/\">\n\t\t\t\t\t\t<span class=\"elementor-button-content-wrapper\">\n\t\t\t\t\t\t\t\t\t<span class=\"elementor-button-text\">T\u00dcM\u00dcN\u00dc G\u00d6R<\/span>\n\t\t\t\t\t<\/span>\n\t\t\t\t\t<\/a>\n\t\t<\/div>\n\t\t\t\t<\/div>\n\t\t\t\t<\/div>\n\t\t\t\t\t<\/div>\n\t\t<\/div>\n\t\t\t\t\t<\/div>\n\t\t<\/section>\n\t\t\t\t<\/div>\n\t\t","protected":false},"excerpt":{"rendered":"<p>\u0130STANBUL F\u0130NANS MERKEZ\u0130 VAKIF GYO \/ R\u00d6NESANS \u0130STANBUL F\u0130K\u0130RTEPE KENTSEL D\u00d6N\u00dc\u015e\u00dcM \/ MAKSEM YAPI \u0130STANBUL F\u0130NANS MERKEZ\u0130 TCMB \/ L\u0130MAK TAKS\u0130M 360 KENTSEL D\u00d6N\u00dc\u015e\u00dcM \/ GAP \u0130N\u015eAAT BEZM\u0130 ALEM VAKIF \u00dcN\u0130VERS\u0130TES\u0130 HASTANES\u0130 \/ R\u00d6NESANS ELAZI\u011e FETH\u0130 SEK\u0130N \u015eEH\u0130R HASTANES\u0130 \/ R\u00d6NESANS BA\u015eAK\u015eEH\u0130R \u00c7AM VE SAKURA \u015eEH\u0130R HASTANES\u0130 \/ R\u00d6NESANS ANTALYA HAVAL\u0130MANI GEN\u0130\u015eLETME PROJES\u0130 \/ TAV [&hellip;]<\/p>\n","protected":false},"author":1,"featured_media":0,"parent":0,"menu_order":0,"comment_status":"open","ping_status":"closed","template":"elementor_header_footer","meta":{"_eb_attr":"","_joinchat":[],"footnotes":""},"class_list":["post-229","page","type-page","status-publish","hentry"],"_links":{"self":[{"href":"https:\/\/fgcelik.com.tr\/index.php?rest_route=\/wp\/v2\/pages\/229","targetHints":{"allow":["GET"]}}],"collection":[{"href":"https:\/\/fgcelik.com.tr\/index.php?rest_route=\/wp\/v2\/pages"}],"about":[{"href":"https:\/\/fgcelik.com.tr\/index.php?rest_route=\/wp\/v2\/types\/page"}],"author":[{"embeddable":true,"href":"https:\/\/fgcelik.com.tr\/index.php?rest_route=\/wp\/v2\/users\/1"}],"replies":[{"embeddable":true,"href":"https:\/\/fgcelik.com.tr\/index.php?rest_route=%2Fwp%2Fv2%2Fcomments&post=229"}],"version-history":[{"count":28,"href":"https:\/\/fgcelik.com.tr\/index.php?rest_route=\/wp\/v2\/pages\/229\/revisions"}],"predecessor-version":[{"id":1000,"href":"https:\/\/fgcelik.com.tr\/index.php?rest_route=\/wp\/v2\/pages\/229\/revisions\/1000"}],"wp:attachment":[{"href":"https:\/\/fgcelik.com.tr\/index.php?rest_route=%2Fwp%2Fv2%2Fmedia&parent=229"}],"curies":[{"name":"wp","href":"https:\/\/api.w.org\/{rel}","templated":true}]}}